{"id":53,"date":"2024-12-24T00:21:35","date_gmt":"2024-12-24T03:21:35","guid":{"rendered":"https:\/\/wp.ortofuncional.com.br\/?page_id=53"},"modified":"2024-12-24T03:04:38","modified_gmt":"2024-12-24T06:04:38","slug":"politica-de-privacidade","status":"publish","type":"page","link":"https:\/\/wp.ortofuncional.com.br\/?page_id=53","title":{"rendered":"Pol\u00edtica de Privacidade"},"content":{"rendered":"\t\t<div data-elementor-type=\"wp-page\" data-elementor-id=\"53\" class=\"elementor elementor-53\" data-elementor-post-type=\"page\">\n\t\t\t\t<div class=\"elementor-element elementor-element-1e33d12 e-flex e-con-boxed e-con e-parent\" data-id=\"1e33d12\" data-element_type=\"container\" data-settings=\"{&quot;background_background&quot;:&quot;gradient&quot;}\">\n\t\t\t\t\t<div class=\"e-con-inner\">\n\t\t\t\t<div class=\"elementor-element elementor-element-492a913 elementor-widget elementor-widget-spacer\" data-id=\"492a913\" data-element_type=\"widget\" data-widget_type=\"spacer.default\">\n\t\t\t\t<div class=\"elementor-widget-container\">\n\t\t\t\t\t\t\t<div class=\"elementor-spacer\">\n\t\t\t<div class=\"elementor-spacer-inner\"><\/div>\n\t\t<\/div>\n\t\t\t\t\t\t<\/div>\n\t\t\t\t<\/div>\n\t\t\t\t<div class=\"elementor-element elementor-element-84dac8c elementor-widget elementor-widget-heading\" data-id=\"84dac8c\" data-element_type=\"widget\" data-widget_type=\"heading.default\">\n\t\t\t\t<div class=\"elementor-widget-container\">\n\t\t\t\t\t<h1 class=\"elementor-heading-title elementor-size-default\">Pol\u00edtica de Privacidade<\/h1>\t\t\t\t<\/div>\n\t\t\t\t<\/div>\n\t\t\t\t<div class=\"elementor-element elementor-element-4ac9e0b elementor-widget elementor-widget-spacer\" data-id=\"4ac9e0b\" data-element_type=\"widget\" data-widget_type=\"spacer.default\">\n\t\t\t\t<div class=\"elementor-widget-container\">\n\t\t\t\t\t\t\t<div class=\"elementor-spacer\">\n\t\t\t<div class=\"elementor-spacer-inner\"><\/div>\n\t\t<\/div>\n\t\t\t\t\t\t<\/div>\n\t\t\t\t<\/div>\n\t\t\t\t<div class=\"elementor-element elementor-element-30f68be elementor-widget elementor-widget-text-editor\" data-id=\"30f68be\" data-element_type=\"widget\" data-widget_type=\"text-editor.default\">\n\t\t\t\t<div class=\"elementor-widget-container\">\n\t\t\t\t\t\t\t\t\t<h3><span style=\"font-size: medium;\">1.\u00a0<strong>Coleta de Dados Pessoais<\/strong><\/span><\/h3><h3 class=\"mb-3\">\u00a0<\/h3><ul><li><span style=\"font-size: medium;\">Coletamos os seguintes dados pessoais para o processo contato para poss\u00edveis clientes interessados em nossos produtos: nome completo, e-mail, telefone, CPF, endere\u00e7o e dados de pagamento.<\/span><\/li><\/ul><h3><span style=\"font-size: medium;\">2.\u00a0<strong>Uso dos Dados<\/strong><\/span><\/h3><ul><li><span style=\"font-size: medium;\">N\u00e3o compartilharemos suas informa\u00e7\u00f5es com terceiros para fins publicit\u00e1rios, salvo com seu consentimento expl\u00edcito.&#8221;<\/span><\/li><\/ul><h3><span style=\"font-size: medium;\">3.\u00a0<strong>Seguran\u00e7a dos Dados<\/strong><\/span><\/h3><ul><li><span style=\"font-size: medium;\">Implementamos medidas de seguran\u00e7a adequadas para proteger seus dados pessoais contra acessos n\u00e3o autorizados, altera\u00e7\u00f5es ou divulga\u00e7\u00f5es. Utilizamos criptografia e outras tecnologias para garantir a seguran\u00e7a das informa\u00e7\u00f5es fornecidas durante a transa\u00e7\u00e3o.<\/span><\/li><\/ul><h3><span style=\"font-size: medium;\">4.\u00a0<strong>Compartilhamento de Dados<\/strong><\/span><\/h3><ul><li><span style=\"font-size: medium;\">N\u00e3o vendemos, alugamos ou compartilhamos suas informa\u00e7\u00f5es pessoais com terceiros para fins comerciais sem sua permiss\u00e3o. Contudo, podemos compartilhar seus dados com parceiros que auxiliam na entrega e execu\u00e7\u00e3o dos nossos servi\u00e7os, sempre com a devida prote\u00e7\u00e3o e conforme nossa pol\u00edtica de privacidade.<\/span><\/li><\/ul><h3><span style=\"font-size: medium;\">5.\u00a0<strong>Direitos dos Usu\u00e1rios<\/strong><\/span><\/h3><ul><li><span style=\"font-size: medium;\">Voc\u00ea tem o direito de acessar, corrigir ou excluir os dados pessoais que forneceu a qualquer momento. Para isso, basta entrar em contato com nossa equipe de atendimento ao cliente atrav\u00e9s do site.<\/span><\/li><\/ul><h3><span style=\"font-size: medium;\">6.\u00a0<strong>Cookies e Tecnologias de Rastreamento<\/strong><\/span><\/h3><ul><li><span style=\"font-size: medium;\">Utilizamos cookies para melhorar sua experi\u00eancia no nosso site, entender como voc\u00ea interage com nosso site e personalizar o conte\u00fado mostrado. Voc\u00ea pode gerenciar suas prefer\u00eancias de cookies nas configura\u00e7\u00f5es do seu navegador.<\/span><\/li><\/ul><h3><span style=\"font-size: medium;\">7.\u00a0<strong>Altera\u00e7\u00f5es na Pol\u00edtica de Privacidade<\/strong><\/span><\/h3><ul><li><span style=\"font-size: medium;\">Esta pol\u00edtica de privacidade pode ser atualizada periodicamente. Recomendamos que voc\u00ea a revise regularmente. Caso ocorram mudan\u00e7as significativas, notificaremos nossos usu\u00e1rios atrav\u00e9s do e-mail cadastrado ou com um aviso destacado no nosso site.<\/span><\/li><\/ul><h3><span style=\"font-size: medium;\">8.\u00a0<strong>Contato para D\u00favidas e Solicita\u00e7\u00f5es<\/strong><\/span><\/h3><ul><li><span style=\"font-size: medium;\">Se voc\u00ea tiver d\u00favidas sobre nossa pol\u00edtica de privacidade ou sobre como tratamos seus dados, entre em contato conosco atrav\u00e9s do site.<\/span><\/li><\/ul>\t\t\t\t\t\t\t\t<\/div>\n\t\t\t\t<\/div>\n\t\t\t\t\t<\/div>\n\t\t\t\t<\/div>\n\t\t\t\t<\/div>\n\t\t","protected":false},"excerpt":{"rendered":"<p>Pol\u00edtica de Privacidade 1.\u00a0Coleta de Dados Pessoais \u00a0 Coletamos os seguintes dados pessoais para o processo contato para poss\u00edveis clientes interessados em nossos produtos: nome completo, e-mail, telefone, CPF, endere\u00e7o e dados de pagamento. 2.\u00a0Uso dos Dados N\u00e3o compartilharemos suas informa\u00e7\u00f5es com terceiros para fins publicit\u00e1rios, salvo com seu consentimento expl\u00edcito.&#8221; 3.\u00a0Seguran\u00e7a dos Dados Implementamos [&hellip;]<\/p>\n","protected":false},"author":1,"featured_media":0,"parent":0,"menu_order":0,"comment_status":"closed","ping_status":"closed","template":"","meta":{"footnotes":""},"class_list":["post-53","page","type-page","status-publish","hentry"],"_links":{"self":[{"href":"https:\/\/wp.ortofuncional.com.br\/index.php?rest_route=\/wp\/v2\/pages\/53","targetHints":{"allow":["GET"]}}],"collection":[{"href":"https:\/\/wp.ortofuncional.com.br\/index.php?rest_route=\/wp\/v2\/pages"}],"about":[{"href":"https:\/\/wp.ortofuncional.com.br\/index.php?rest_route=\/wp\/v2\/types\/page"}],"author":[{"embeddable":true,"href":"https:\/\/wp.ortofuncional.com.br\/index.php?rest_route=\/wp\/v2\/users\/1"}],"replies":[{"embeddable":true,"href":"https:\/\/wp.ortofuncional.com.br\/index.php?rest_route=%2Fwp%2Fv2%2Fcomments&post=53"}],"version-history":[{"count":7,"href":"https:\/\/wp.ortofuncional.com.br\/index.php?rest_route=\/wp\/v2\/pages\/53\/revisions"}],"predecessor-version":[{"id":84,"href":"https:\/\/wp.ortofuncional.com.br\/index.php?rest_route=\/wp\/v2\/pages\/53\/revisions\/84"}],"wp:attachment":[{"href":"https:\/\/wp.ortofuncional.com.br\/index.php?rest_route=%2Fwp%2Fv2%2Fmedia&parent=53"}],"curies":[{"name":"wp","href":"https:\/\/api.w.org\/{rel}","templated":true}]}}